{"id":11,"date":"2024-11-19T09:33:37","date_gmt":"2024-11-19T08:33:37","guid":{"rendered":"https:\/\/somalyon.com\/?page_id=11"},"modified":"2025-02-27T17:01:18","modified_gmt":"2025-02-27T16:01:18","slug":"bienvenue-a-somalyon","status":"publish","type":"page","link":"https:\/\/somalyon.com\/","title":{"rendered":"Bienvenue \u00e0 Somalyon"},"content":{"rendered":"\n<p><\/p>\n\n\n\n<p><\/p>\n\n\n\n<p>Somalyon est un cabinet pluridisciplinaire au c\u0153ur du Vieux-Lyon au 51 rue Saint Georges 69005 Lyon<\/p>\n\n\n\n<p>Un cocon pour prendre soin de soi, de son corps, de son \u00eatre, de son psych\u00e9, de ses \u00e9motions et de son \u00e2me.<\/p>\n\n\n\n<p>L&#8217;\u00e9quipe est compos\u00e9e :<\/p>\n\n\n\n<p><a href=\"https:\/\/somalyon.com\/index.php\/somatopathie-methode-poyet-pauline-r\/\" data-type=\"page\" data-id=\"33\">Pauline, Somatopathe M\u00e9thode Poyet,<\/a> qui re\u00e7oit en alternance une semaine sur 2 lundi et mardi ou jeudi et vendredi de 9h \u00e0 20h et  le samedi matin sur demande.<\/p>\n\n\n\n<p><a href=\"https:\/\/somalyon.com\/index.php\/currieri-fiorella-reflexologie-plantaire\/\" data-type=\"page\" data-id=\"105\">Fiorella Currierri praticienne en r\u00e9flexologie plantaire <\/a>depuis 2018 qui re\u00e7oit le mercredi \u00e0 partir de janvier<\/p>\n\n\n\n<p>Delphine Dollinger: Gestalt th\u00e9rapie. Delphine recevra en alternance une semaine sur 2 lundi et mardi ou jeudi et vendredi.<\/p>\n\n\n\n<p><\/p>\n","protected":false},"excerpt":{"rendered":"<p>Somalyon est un cabinet pluridisciplinaire au c\u0153ur du Vieux-Lyon au 51 rue Saint Georges 69005 Lyon Un cocon pour prendre soin de soi, de son corps, de son \u00eatre, de son psych\u00e9, de ses \u00e9motions et de son \u00e2me. L&#8217;\u00e9quipe est compos\u00e9e : Pauline, Somatopathe M\u00e9thode Poyet, qui re\u00e7oit en alternance une semaine sur 2 &hellip; <\/p>\n<p class=\"link-more\"><a href=\"https:\/\/somalyon.com\/\" class=\"more-link\">Continue reading<span class=\"screen-reader-text\"> &#8220;Bienvenue \u00e0 Somalyon&#8221;<\/span><\/a><\/p>\n","protected":false},"author":1,"featured_media":20,"parent":0,"menu_order":0,"comment_status":"closed","ping_status":"closed","template":"","meta":{"footnotes":""},"class_list":["post-11","page","type-page","status-publish","has-post-thumbnail","hentry"],"_links":{"self":[{"href":"https:\/\/somalyon.com\/index.php\/wp-json\/wp\/v2\/pages\/11","targetHints":{"allow":["GET"]}}],"collection":[{"href":"https:\/\/somalyon.com\/index.php\/wp-json\/wp\/v2\/pages"}],"about":[{"href":"https:\/\/somalyon.com\/index.php\/wp-json\/wp\/v2\/types\/page"}],"author":[{"embeddable":true,"href":"https:\/\/somalyon.com\/index.php\/wp-json\/wp\/v2\/users\/1"}],"replies":[{"embeddable":true,"href":"https:\/\/somalyon.com\/index.php\/wp-json\/wp\/v2\/comments?post=11"}],"version-history":[{"count":9,"href":"https:\/\/somalyon.com\/index.php\/wp-json\/wp\/v2\/pages\/11\/revisions"}],"predecessor-version":[{"id":127,"href":"https:\/\/somalyon.com\/index.php\/wp-json\/wp\/v2\/pages\/11\/revisions\/127"}],"wp:featuredmedia":[{"embeddable":true,"href":"https:\/\/somalyon.com\/index.php\/wp-json\/wp\/v2\/media\/20"}],"wp:attachment":[{"href":"https:\/\/somalyon.com\/index.php\/wp-json\/wp\/v2\/media?parent=11"}],"curies":[{"name":"wp","href":"https:\/\/api.w.org\/{rel}","templated":true}]}}