{"id":33,"date":"2024-11-19T10:16:31","date_gmt":"2024-11-19T09:16:31","guid":{"rendered":"https:\/\/somalyon.com\/?page_id=33"},"modified":"2024-12-18T09:35:35","modified_gmt":"2024-12-18T08:35:35","slug":"somatopathie-methode-poyet-pauline-r","status":"publish","type":"page","link":"https:\/\/somalyon.com\/index.php\/somatopathie-methode-poyet-pauline-r\/","title":{"rendered":"Somatopathie M\u00e9thode Poyet Pauline ROLLAND"},"content":{"rendered":"\n<p><\/p>\n\n\n\n<div class=\"reservio-button-container\"\n         data-text=\"R\u00e9server maintenant\"\n         data-size=\"large\"\n         data-color=\"#078788\"\n         data-url=\"https:\/\/pauline-rolland-somatopathe.reservio.com\">\n    <\/div>\n    <script src=\"https:\/\/cdn.reservio.com\/widget\/button-bundle.js\"><\/script>\n\n\n\n<p>La&nbsp;<strong>Somatopathie<\/strong>&nbsp;est compl\u00e9mentaire \u00e0 la m\u00e9thode M.R.P. Elle a \u00e9t\u00e9 d\u00e9velopp\u00e9e par<strong>&nbsp;Pierre-Camille Vernet<\/strong>, \u00e9l\u00e8ve de Maurice-Raymond Poyet.<\/p>\n\n\n\n<p>La Somatopathie agit \u00e9galement sur toutes les structures du corps et sur les micros mouvements. Une pathologie qui les perturbe peut se retrouver partout. En somatopathie l\u2019\u00e9quilibre cr\u00e2nien est tr\u00e8s important, c\u2019est pourquoi il y a une longue \u00e9coute des os du cr\u00e2ne, et si il y a une perturbation elle se corrige sur un clavier des os du pied mis en place par Pierre-Camille VERNET.<\/p>\n\n\n\n<p>Elle met en \u00e9vidence l\u2019influence de l\u2019<strong>histoire \u00e9motionnelle&nbsp;<\/strong>de la personne sur son \u00e9tat physique.<\/p>\n\n\n\n<p>Elle permet \u00e0 la <strong>personne de mettre en lien son corps, son mental, ses \u00e9motions, <\/strong>(conscientes ou inconscientes, pr\u00e9sentes ou pass\u00e9es, transmises) ainsi il peut en prendre conscience et se lib\u00e9rer de ce qui le fait souffrir.<\/p>\n\n\n\n<p>Le corps est le langage de l\u2019inconscient et garde en m\u00e9moire les \u00e9v\u00e9nements v\u00e9cus ou ressentis, et les m\u00e9moires conscientes ou inconscientes.<\/p>\n\n\n\n<p>Il est donc important d\u2019\u00e9couter son corps car il peut r\u00e9agir \u00e0 une situation qu\u2019il a en m\u00e9moire, r\u00e9elle ou transg\u00e9n\u00e9rationnelle.<\/p>\n\n\n\n<p><strong>La Somatopathie va permettre a travers le corps physique de d\u00e9cristalliser les \u00e9motions, les traumas.<\/strong><\/p>\n\n\n\n<p><\/p>\n\n\n\n<p><\/p>\n\n\n\n<p>La <strong>m\u00e9thode Poyet<\/strong> est une pratique manuelle issue de l\u2019ost\u00e9opathie selon Maurice-Raymond Poyet, kin\u00e9sith\u00e9rapeute et ost\u00e9opathe. <strong>C&#8217;est une peu la m\u00e9canique du corps physique.<\/strong><\/p>\n\n\n\n<p>La <strong>m\u00e9thode MRP<\/strong> \u00e9quilibre l\u2019ensemble de la structure en privil\u00e9giant la&nbsp;<strong>relation cr\u00e2nio-sacrale<\/strong>&nbsp;(entre cr\u00e2ne et sacrum), puis le lien avec le reste du corps.<\/p>\n\n\n<div class=\"wp-block-image\">\n<figure class=\"aligncenter\"><img decoding=\"async\" src=\"https:\/\/www.somatopathe-vienne.com\/wp-content\/uploads\/2019\/08\/DSC_0615-300x200.jpg\" alt=\"\" class=\"wp-image-326\"\/><\/figure>\n<\/div>\n\n\n<p>Dans le corps, chaque os, organe ou structure fait des micros mouvements: il s\u2019agit du mouvement respiratoire primaire (MRP). Ainsi lorsqu\u2019il y a un choc ce mouvement se retrouve entrav\u00e9. Toutes les pathologies du corps entravent les micros mouvements.<\/p>\n\n\n\n<p>La m\u00e9thode Poyet est une pratique douce, \u00e9nerg\u00e9tique et non manipulative respectant l\u2019organisme et l\u2019individu.<\/p>\n\n\n\n<p>Cette m\u00e9thode se caract\u00e9rise par l\u2019utilisation de&nbsp;<strong>techniques tr\u00e8s douces et informationnelles<\/strong>&nbsp;permettant de restituer le&nbsp;<strong>MRP&nbsp;<\/strong>(mouvement respiratoire primaire) des os, articulations, muscles, organes et autres structures.<\/p>\n\n\n<div class=\"wp-block-image\">\n<figure class=\"aligncenter\"><img decoding=\"async\" src=\"https:\/\/www.somatopathe-vienne.com\/wp-content\/uploads\/2019\/08\/DSC_0665-300x200.jpg\" alt=\"\" class=\"wp-image-328\"\/><\/figure>\n<\/div>\n\n<div class=\"wp-block-image\">\n<figure class=\"aligncenter\"><img decoding=\"async\" src=\"https:\/\/www.somatopathe-vienne.com\/wp-content\/uploads\/2019\/08\/DSC_0624-01-1-300x231.jpeg\" alt=\"\" class=\"wp-image-329\"\/><\/figure>\n<\/div>\n\n\n<p>Les corrections se font soit localement, soit \u00e0 distance de la l\u00e9sion gr\u00e2ce \u00e0 des points ou des zones \u00e9nerg\u00e9tiques, ainsi nous avons des r\u00e9sultats plus durable et avec beaucoup de confort pour le consultant.<\/p>\n\n\n\n<p>La <strong>m\u00e9thode Poyet <\/strong>aide \u00e0 lib\u00e9rer les maux du corps et tensions physiques et psychosomatiques.<\/p>\n\n\n\n<p><\/p>\n\n\n\n<figure class=\"wp-block-image size-large\"><img loading=\"lazy\" decoding=\"async\" width=\"678\" height=\"1024\" src=\"https:\/\/somalyon.com\/wp-content\/uploads\/2024\/11\/PPR_6079-S-678x1024.jpg\" alt=\"\" class=\"wp-image-86\" srcset=\"https:\/\/somalyon.com\/wp-content\/uploads\/2024\/11\/PPR_6079-S-678x1024.jpg 678w, https:\/\/somalyon.com\/wp-content\/uploads\/2024\/11\/PPR_6079-S-199x300.jpg 199w, https:\/\/somalyon.com\/wp-content\/uploads\/2024\/11\/PPR_6079-S-768x1160.jpg 768w, https:\/\/somalyon.com\/wp-content\/uploads\/2024\/11\/PPR_6079-S-1017x1536.jpg 1017w, https:\/\/somalyon.com\/wp-content\/uploads\/2024\/11\/PPR_6079-S-1356x2048.jpg 1356w, https:\/\/somalyon.com\/wp-content\/uploads\/2024\/11\/PPR_6079-S-scaled.jpg 1695w\" sizes=\"auto, (max-width: 678px) 100vw, 678px\" \/><\/figure>\n\n\n\n<p>Moi c&#8217;est Pauline. Je suis somato depuis 2018. Vous souhaitez plus d&#8217;info? Allez visiter mon site <a href=\"https:\/\/www.somatopathe-vienne.com\/\">https:\/\/www.somatopathe-vienne.com\/<\/a><\/p>\n","protected":false},"excerpt":{"rendered":"<p>La&nbsp;Somatopathie&nbsp;est compl\u00e9mentaire \u00e0 la m\u00e9thode M.R.P. Elle a \u00e9t\u00e9 d\u00e9velopp\u00e9e par&nbsp;Pierre-Camille Vernet, \u00e9l\u00e8ve de Maurice-Raymond Poyet. La Somatopathie agit \u00e9galement sur toutes les structures du corps et sur les micros mouvements. Une pathologie qui les perturbe peut se retrouver partout. En somatopathie l\u2019\u00e9quilibre cr\u00e2nien est tr\u00e8s important, c\u2019est pourquoi il y a une longue \u00e9coute &hellip; <\/p>\n<p class=\"link-more\"><a href=\"https:\/\/somalyon.com\/index.php\/somatopathie-methode-poyet-pauline-r\/\" class=\"more-link\">Continue reading<span class=\"screen-reader-text\"> &#8220;Somatopathie M\u00e9thode Poyet Pauline ROLLAND&#8221;<\/span><\/a><\/p>\n","protected":false},"author":1,"featured_media":0,"parent":0,"menu_order":0,"comment_status":"closed","ping_status":"closed","template":"","meta":{"footnotes":""},"class_list":["post-33","page","type-page","status-publish","hentry"],"_links":{"self":[{"href":"https:\/\/somalyon.com\/index.php\/wp-json\/wp\/v2\/pages\/33","targetHints":{"allow":["GET"]}}],"collection":[{"href":"https:\/\/somalyon.com\/index.php\/wp-json\/wp\/v2\/pages"}],"about":[{"href":"https:\/\/somalyon.com\/index.php\/wp-json\/wp\/v2\/types\/page"}],"author":[{"embeddable":true,"href":"https:\/\/somalyon.com\/index.php\/wp-json\/wp\/v2\/users\/1"}],"replies":[{"embeddable":true,"href":"https:\/\/somalyon.com\/index.php\/wp-json\/wp\/v2\/comments?post=33"}],"version-history":[{"count":7,"href":"https:\/\/somalyon.com\/index.php\/wp-json\/wp\/v2\/pages\/33\/revisions"}],"predecessor-version":[{"id":111,"href":"https:\/\/somalyon.com\/index.php\/wp-json\/wp\/v2\/pages\/33\/revisions\/111"}],"wp:attachment":[{"href":"https:\/\/somalyon.com\/index.php\/wp-json\/wp\/v2\/media?parent=33"}],"curies":[{"name":"wp","href":"https:\/\/api.w.org\/{rel}","templated":true}]}}